{"id":4894,"date":"2018-12-25T11:48:07","date_gmt":"2018-12-25T11:48:07","guid":{"rendered":"https:\/\/promoagro.com.gt\/fertilizantes-y-agroquimicos-latinoamerica\/our-team\/"},"modified":"2022-09-14T21:25:39","modified_gmt":"2022-09-14T21:25:39","slug":"nuestroquipo","status":"publish","type":"page","link":"https:\/\/promoagro.com.gt\/fertilizantes-y-agroquimicos-latinoamerica\/nuestroquipo\/","title":{"rendered":"Nuestro Equipo"},"content":{"rendered":"<div class=\"wpb-content-wrapper\">[vc_row full_width=&#8221;stretch_row&#8221; bg_cws_repeat=&#8221;no-repeat&#8221; bg_cws_size=&#8221;cover&#8221; bg_image_position=&#8221;center_center&#8221; crop=&#8221;1&#8243; crop_style=&#8221;style_5&#8243; css=&#8221;.vc_custom_1662251017176{margin-top: -100px !important;padding-top: 100px !important;padding-bottom: 50px !important;}&#8221;][vc_column]<div class='cws_textmodule cws_vc_shortcode_module' id='cws_textmodule_6a056fbd23909'><div class='cws_textmodule_wrapper icon_pos_above'><div class='cws_textmodule_text text_align_center'><div class='cws_textmodule_titles'><span class=\"cws_textmodule_icon_wrapper\"><img  alt \/><\/span><div class='cws_textmodule_aside'><h2 class='cws_textmodule_title'><span>Nuestra Gente<\/span><\/h2><\/div><\/div><div class='cws_textmodule_content'><div class='text_content_wrapper'><p style=\"text-align: center;\">De acuerdo a nuestra filosof\u00eda de estar junto a los productores agropecuarios, hemos formado un equipo de ingenieros agr\u00f3nomos con experiencia.\u00a0 <strong>Grupo PROMOAGRO\u00ae<\/strong> a trav\u00e9s de una organizaci\u00f3n en red posee hoy un equipo de m\u00e1s de 35 ingenieros agr\u00f3nomos, que reciben capacitaci\u00f3n continua y que acompa\u00f1an al productor durante todo el ciclo de los cultivos.<\/p>\n<p style=\"text-align: center;\">Si algo representa a nuestra empresa son las personas que trabajan a diario para crear calidad, servicio y efectividad.\u00a0 A continuaci\u00f3n, te invitamos a conocer quienes est\u00e1n detr\u00e1s de <strong>Grupo<\/strong> <strong>PROMOAGRO\u00ae<\/strong><\/p>\n<\/div><\/div><\/div><\/div><\/div>[vc_row_inner css=&#8221;.vc_custom_1662251034089{padding-top: 70px !important;}&#8221;][vc_column_inner]<section id='cws_staff_posts_grid_6a056fbd279e1' class='posts_grid meta_outside  render_styles cws_staff_posts_grid posts_grid_3 posts_grid_grid clearfix'  data-style='&quot;&quot;' ><div class='cws_vc_shortcode_wrapper'><div class='cws_vc_shortcode_grid isotope'><article id='cws_staff_post_6a056fbd2a4d6' data-pid='4888' class='item post direction_row cws_staff_post posts_grid_post image-default  align-center'><div class='post_wrapper cws_staff_post_wrapper posts_grid_post_wrapper'>        <div class=\"post_media cws_staff_post_media posts_grid_post_media\">\n            <div class='cws_staff_photo'><a href='https:\/\/promoagro.com.gt\/fertilizantes-y-agroquimicos-latinoamerica\/staff\/mary-white\/' class='link_author'><img data-recalc-dims=\"1\" src=\"https:\/\/i0.wp.com\/promoagro.com.gt\/fertilizantes-y-agroquimicos-latinoamerica\/wp-content\/uploads\/2018\/12\/Empleado_00c800c81_6716.jpg?w=1170&#038;ssl=1\" data-at2x='https:\/\/promoagro.com.gt\/fertilizantes-y-agroquimicos-latinoamerica\/wp-content\/uploads\/2018\/12\/Empleado_00c800c81_6716@2x.jpg' alt \/><\/a><\/div>        <\/div>\n        <div class='cws_staff_post_info'><div class='post_data cws_staff_post_data posts_grid_post_data'><div class='prim_post_data cws_staff_prim_post_data posts_grid_prim_post_data'><h3 class='post_title cws_staff_post_title posts_grid_post_title'><a href='https:\/\/promoagro.com.gt\/fertilizantes-y-agroquimicos-latinoamerica\/staff\/mary-white\/'><span class='name'>Ing.<\/span> Agr. Victor Hernandez<\/a><\/h3><div class='post_terms cws_staff_post_terms posts_grid_post_terms'><a href='https:\/\/promoagro.com.gt\/fertilizantes-y-agroquimicos-latinoamerica\/staff_cat\/ventas-promoagro\/'>VENTAS PROMOAGRO DIVERSIFICACION<\/a><\/div><div class='post_terms cws_staff_post_terms posts_grid_post_terms'><a href='https:\/\/promoagro.com.gt\/fertilizantes-y-agroquimicos-latinoamerica\/staff_tag\/coordinador-de-ventas-promoagro\/'>Coordinador de ventas PROMOAGRO<\/a><\/div><div class='biography'><span>Biography:<\/span><p>Coordinador de diversas zonas del pais de Guatemala<\/p><\/div><\/div><\/div><\/div><\/div><\/article><article id='cws_staff_post_6a056fbd2c2ab' data-pid='436' class='item post direction_row cws_staff_post posts_grid_post image-default  align-center'><div class='post_wrapper cws_staff_post_wrapper posts_grid_post_wrapper'>        <div class=\"post_media cws_staff_post_media posts_grid_post_media\">\n            <div class='cws_staff_photo'><a href='https:\/\/promoagro.com.gt\/fertilizantes-y-agroquimicos-latinoamerica\/staff\/david-gregory\/' class='link_author'><img data-recalc-dims=\"1\" src=\"https:\/\/i0.wp.com\/promoagro.com.gt\/fertilizantes-y-agroquimicos-latinoamerica\/wp-content\/uploads\/2018\/12\/Empleado_00c800c81_6716.jpg?w=1170&#038;ssl=1\" data-at2x='https:\/\/promoagro.com.gt\/fertilizantes-y-agroquimicos-latinoamerica\/wp-content\/uploads\/2018\/12\/Empleado_00c800c81_6716@2x.jpg' alt \/><\/a><\/div>        <\/div>\n        <div class='cws_staff_post_info'><div class='post_data cws_staff_post_data posts_grid_post_data'><div class='prim_post_data cws_staff_prim_post_data posts_grid_prim_post_data'><h3 class='post_title cws_staff_post_title posts_grid_post_title'><a href='https:\/\/promoagro.com.gt\/fertilizantes-y-agroquimicos-latinoamerica\/staff\/david-gregory\/'><span class='name'>Ing.<\/span> Agr. Julio Chacon<\/a><\/h3><div class='post_terms cws_staff_post_terms posts_grid_post_terms'><a href='https:\/\/promoagro.com.gt\/fertilizantes-y-agroquimicos-latinoamerica\/staff_cat\/ventas-promoagro\/'>VENTAS PROMOAGRO DIVERSIFICACION<\/a><\/div><div class='post_terms cws_staff_post_terms posts_grid_post_terms'><a href='https:\/\/promoagro.com.gt\/fertilizantes-y-agroquimicos-latinoamerica\/staff_tag\/vendedor-zona-altiplano-1\/'>Vendedor Zona Altiplano 1<\/a><\/div><div class='biography'><span>Biography:<\/span><p>Ciudad Guatemala, Chimaltenango, Sacatep\u00e9quez, Solol\u00e1.<\/p><\/div><\/div><\/div><\/div><\/div><\/article><article id='cws_staff_post_6a056fbd2d655' data-pid='435' class='item post direction_row cws_staff_post posts_grid_post image-default  align-center'><div class='post_wrapper cws_staff_post_wrapper posts_grid_post_wrapper'>        <div class=\"post_media cws_staff_post_media posts_grid_post_media\">\n            <div class='cws_staff_photo'><a href='https:\/\/promoagro.com.gt\/fertilizantes-y-agroquimicos-latinoamerica\/staff\/beverley-gibson\/' class='link_author'><img data-recalc-dims=\"1\" src=\"https:\/\/i0.wp.com\/promoagro.com.gt\/fertilizantes-y-agroquimicos-latinoamerica\/wp-content\/uploads\/2018\/12\/Empleado_00c800c81_6716.jpg?w=1170&#038;ssl=1\" data-at2x='https:\/\/promoagro.com.gt\/fertilizantes-y-agroquimicos-latinoamerica\/wp-content\/uploads\/2018\/12\/Empleado_00c800c81_6716@2x.jpg' alt \/><\/a><\/div>        <\/div>\n        <div class='cws_staff_post_info'><div class='post_data cws_staff_post_data posts_grid_post_data'><div class='prim_post_data cws_staff_prim_post_data posts_grid_prim_post_data'><h3 class='post_title cws_staff_post_title posts_grid_post_title'><a href='https:\/\/promoagro.com.gt\/fertilizantes-y-agroquimicos-latinoamerica\/staff\/beverley-gibson\/'><span class='name'>Ing.<\/span> Agr. Luis Felipe<\/a><\/h3><div class='post_terms cws_staff_post_terms posts_grid_post_terms'><a href='https:\/\/promoagro.com.gt\/fertilizantes-y-agroquimicos-latinoamerica\/staff_cat\/ventas-promoagro\/'>VENTAS PROMOAGRO DIVERSIFICACION<\/a><\/div><div class='post_terms cws_staff_post_terms posts_grid_post_terms'><a href='https:\/\/promoagro.com.gt\/fertilizantes-y-agroquimicos-latinoamerica\/staff_tag\/vendedor-zona-altiplano-2\/'>Vendedor Zona Altiplano 2<\/a><\/div><div class='biography'><span>Biography:<\/span><p>Quiche, Huehuetenango, Quetzaltenango, San Marcos.<\/p><\/div><\/div><\/div><\/div><\/div><\/article><article id='cws_staff_post_6a056fbd2effb' data-pid='437' class='item post direction_row cws_staff_post posts_grid_post image-default  align-center'><div class='post_wrapper cws_staff_post_wrapper posts_grid_post_wrapper'>        <div class=\"post_media cws_staff_post_media posts_grid_post_media\">\n            <div class='cws_staff_photo'><a href='https:\/\/promoagro.com.gt\/fertilizantes-y-agroquimicos-latinoamerica\/staff\/alexandra-wood\/' class='link_author'><img data-recalc-dims=\"1\" src=\"https:\/\/i0.wp.com\/promoagro.com.gt\/fertilizantes-y-agroquimicos-latinoamerica\/wp-content\/uploads\/2018\/12\/Empleado_00c800c81_6716.jpg?w=1170&#038;ssl=1\" data-at2x='https:\/\/promoagro.com.gt\/fertilizantes-y-agroquimicos-latinoamerica\/wp-content\/uploads\/2018\/12\/Empleado_00c800c81_6716@2x.jpg' alt \/><\/a><\/div>        <\/div>\n        <div class='cws_staff_post_info'><div class='post_data cws_staff_post_data posts_grid_post_data'><div class='prim_post_data cws_staff_prim_post_data posts_grid_prim_post_data'><h3 class='post_title cws_staff_post_title posts_grid_post_title'><a href='https:\/\/promoagro.com.gt\/fertilizantes-y-agroquimicos-latinoamerica\/staff\/alexandra-wood\/'><span class='name'>Ing.<\/span> Agr. Fabricio Garoz<\/a><\/h3><div class='post_terms cws_staff_post_terms posts_grid_post_terms'><a href='https:\/\/promoagro.com.gt\/fertilizantes-y-agroquimicos-latinoamerica\/staff_cat\/ventas-promoagro\/'>VENTAS PROMOAGRO DIVERSIFICACION<\/a><\/div><div class='post_terms cws_staff_post_terms posts_grid_post_terms'><a href='https:\/\/promoagro.com.gt\/fertilizantes-y-agroquimicos-latinoamerica\/staff_tag\/vendedor-zona-norte\/'>Vendedor Zona Norte<\/a><\/div><div class='biography'><span>Biography:<\/span><p>El Progreso, Alta Verapaz, Baja Verapaz, Chiquimula, Zacapa.<\/p><\/div><\/div><\/div><\/div><\/div><\/article><article id='cws_staff_post_6a056fbd3048f' data-pid='742' class='item post direction_row cws_staff_post posts_grid_post image-default  align-center'><div class='post_wrapper cws_staff_post_wrapper posts_grid_post_wrapper'>        <div class=\"post_media cws_staff_post_media posts_grid_post_media\">\n            <div class='cws_staff_photo'><a href='https:\/\/promoagro.com.gt\/fertilizantes-y-agroquimicos-latinoamerica\/staff\/giles-owens\/' class='link_author'><img data-recalc-dims=\"1\" src=\"https:\/\/i0.wp.com\/promoagro.com.gt\/fertilizantes-y-agroquimicos-latinoamerica\/wp-content\/uploads\/2018\/12\/Empleado_00c800c81_6716.jpg?w=1170&#038;ssl=1\" data-at2x='https:\/\/promoagro.com.gt\/fertilizantes-y-agroquimicos-latinoamerica\/wp-content\/uploads\/2018\/12\/Empleado_00c800c81_6716@2x.jpg' alt \/><\/a><\/div>        <\/div>\n        <div class='cws_staff_post_info'><div class='post_data cws_staff_post_data posts_grid_post_data'><div class='prim_post_data cws_staff_prim_post_data posts_grid_prim_post_data'><h3 class='post_title cws_staff_post_title posts_grid_post_title'><a href='https:\/\/promoagro.com.gt\/fertilizantes-y-agroquimicos-latinoamerica\/staff\/giles-owens\/'><span class='name'>Ing.<\/span> Agr. Angel Barrera<\/a><\/h3><div class='post_terms cws_staff_post_terms posts_grid_post_terms'><a href='https:\/\/promoagro.com.gt\/fertilizantes-y-agroquimicos-latinoamerica\/staff_cat\/ventas-promoagro\/'>VENTAS PROMOAGRO DIVERSIFICACION<\/a><\/div><div class='post_terms cws_staff_post_terms posts_grid_post_terms'><a href='https:\/\/promoagro.com.gt\/fertilizantes-y-agroquimicos-latinoamerica\/staff_tag\/vendedor-zona-nor-oriente\/'>Vendedor Zona Nor-Oriente<\/a><\/div><div class='biography'><span>Biography:<\/span><p>San Jose Pinula, Santa Rosa, Jutiapa, Jalapa.<\/p><\/div><\/div><\/div><\/div><\/div><\/article><article id='cws_staff_post_6a056fbd320d0' data-pid='7743' class='item post direction_row cws_staff_post posts_grid_post image-default  align-center'><div class='post_wrapper cws_staff_post_wrapper posts_grid_post_wrapper'>        <div class=\"post_media cws_staff_post_media posts_grid_post_media\">\n            <div class='cws_staff_photo'><a href='https:\/\/promoagro.com.gt\/fertilizantes-y-agroquimicos-latinoamerica\/staff\/ing-agr-angel-arevalo\/' class='link_author'><img data-recalc-dims=\"1\" src=\"https:\/\/i0.wp.com\/promoagro.com.gt\/fertilizantes-y-agroquimicos-latinoamerica\/wp-content\/uploads\/2018\/12\/Empleado_00c800c81_6716.jpg?w=1170&#038;ssl=1\" data-at2x='https:\/\/promoagro.com.gt\/fertilizantes-y-agroquimicos-latinoamerica\/wp-content\/uploads\/2018\/12\/Empleado_00c800c81_6716@2x.jpg' alt \/><\/a><\/div>        <\/div>\n        <div class='cws_staff_post_info'><div class='post_data cws_staff_post_data posts_grid_post_data'><div class='prim_post_data cws_staff_prim_post_data posts_grid_prim_post_data'><h3 class='post_title cws_staff_post_title posts_grid_post_title'><a href='https:\/\/promoagro.com.gt\/fertilizantes-y-agroquimicos-latinoamerica\/staff\/ing-agr-angel-arevalo\/'><span class='name'>Ing.<\/span> Agr. Angel Arevalo<\/a><\/h3><div class='post_terms cws_staff_post_terms posts_grid_post_terms'><a href='https:\/\/promoagro.com.gt\/fertilizantes-y-agroquimicos-latinoamerica\/staff_cat\/ventas-promoagro-cuentas-claves\/'>VENTAS PROMOAGRO CUENTAS CLAVES<\/a><\/div><div class='post_terms cws_staff_post_terms posts_grid_post_terms'><a href='https:\/\/promoagro.com.gt\/fertilizantes-y-agroquimicos-latinoamerica\/staff_tag\/vendedor-zona-sur\/'>Vendedor Zona Sur<\/a><\/div><div class='biography'><span>Biography:<\/span><p>Ca\u00f1a de Az\u00facar, Banano, Mel\u00f3n y Tabaco.<\/p><\/div><\/div><\/div><\/div><\/div><\/article><article id='cws_staff_post_6a056fbd33426' data-pid='7744' class='item post direction_row cws_staff_post posts_grid_post image-default  align-center'><div class='post_wrapper cws_staff_post_wrapper posts_grid_post_wrapper'>        <div class=\"post_media cws_staff_post_media posts_grid_post_media\">\n            <div class='cws_staff_photo'><a href='https:\/\/promoagro.com.gt\/fertilizantes-y-agroquimicos-latinoamerica\/staff\/ing-agr-horacio-villavicencio\/' class='link_author'><img data-recalc-dims=\"1\" src=\"https:\/\/i0.wp.com\/promoagro.com.gt\/fertilizantes-y-agroquimicos-latinoamerica\/wp-content\/uploads\/2018\/12\/Empleado_00c800c81_6716.jpg?w=1170&#038;ssl=1\" data-at2x='https:\/\/promoagro.com.gt\/fertilizantes-y-agroquimicos-latinoamerica\/wp-content\/uploads\/2018\/12\/Empleado_00c800c81_6716@2x.jpg' alt \/><\/a><\/div>        <\/div>\n        <div class='cws_staff_post_info'><div class='post_data cws_staff_post_data posts_grid_post_data'><div class='prim_post_data cws_staff_prim_post_data posts_grid_prim_post_data'><h3 class='post_title cws_staff_post_title posts_grid_post_title'><a href='https:\/\/promoagro.com.gt\/fertilizantes-y-agroquimicos-latinoamerica\/staff\/ing-agr-horacio-villavicencio\/'><span class='name'>Ing.<\/span> Agr. Horacio Villavicencio<\/a><\/h3><div class='post_terms cws_staff_post_terms posts_grid_post_terms'><a href='https:\/\/promoagro.com.gt\/fertilizantes-y-agroquimicos-latinoamerica\/staff_cat\/ventas-promoagro-exportaciones\/'>VENTAS PROMOAGRO EXPORTACIONES<\/a><\/div><div class='post_terms cws_staff_post_terms posts_grid_post_terms'><a href='https:\/\/promoagro.com.gt\/fertilizantes-y-agroquimicos-latinoamerica\/staff_tag\/vendedor-exterior-2\/'>Vendedor Exterior 2<\/a><\/div><div class='biography'><span>Biography:<\/span><p>Belice, El Salvador y Honduras.<\/p><\/div><\/div><\/div><\/div><\/div><\/article><article id='cws_staff_post_6a056fbd34744' data-pid='7746' class='item post direction_row cws_staff_post posts_grid_post image-default  align-center'><div class='post_wrapper cws_staff_post_wrapper posts_grid_post_wrapper'>        <div class=\"post_media cws_staff_post_media posts_grid_post_media\">\n            <div class='cws_staff_photo'><a href='https:\/\/promoagro.com.gt\/fertilizantes-y-agroquimicos-latinoamerica\/staff\/ing-agr-roswell-sandoval\/' class='link_author'><img data-recalc-dims=\"1\" src=\"https:\/\/i0.wp.com\/promoagro.com.gt\/fertilizantes-y-agroquimicos-latinoamerica\/wp-content\/uploads\/2018\/12\/Empleado_00c800c81_6716.jpg?w=1170&#038;ssl=1\" data-at2x='https:\/\/promoagro.com.gt\/fertilizantes-y-agroquimicos-latinoamerica\/wp-content\/uploads\/2018\/12\/Empleado_00c800c81_6716@2x.jpg' alt \/><\/a><\/div>        <\/div>\n        <div class='cws_staff_post_info'><div class='post_data cws_staff_post_data posts_grid_post_data'><div class='prim_post_data cws_staff_prim_post_data posts_grid_prim_post_data'><h3 class='post_title cws_staff_post_title posts_grid_post_title'><a href='https:\/\/promoagro.com.gt\/fertilizantes-y-agroquimicos-latinoamerica\/staff\/ing-agr-roswell-sandoval\/'><span class='name'>Ing.<\/span> Agr. Roswell Sandoval<\/a><\/h3><div class='post_terms cws_staff_post_terms posts_grid_post_terms'><a href='https:\/\/promoagro.com.gt\/fertilizantes-y-agroquimicos-latinoamerica\/staff_cat\/ventas-promoagro-exportaciones\/'>VENTAS PROMOAGRO EXPORTACIONES<\/a><\/div><div class='post_terms cws_staff_post_terms posts_grid_post_terms'><a href='https:\/\/promoagro.com.gt\/fertilizantes-y-agroquimicos-latinoamerica\/staff_tag\/vendedor-exterior\/'>Vendedor Exterior<\/a><\/div><div class='biography'><span>Biography:<\/span><p>Nicaragua, Costa Rica, Panam\u00e1, Puerto Rico y Republica Dominicana.<\/p><\/div><\/div><\/div><\/div><\/div><\/article><article id='cws_staff_post_6a056fbd36ff4' data-pid='7747' class='item post direction_row cws_staff_post posts_grid_post image-default  align-center'><div class='post_wrapper cws_staff_post_wrapper posts_grid_post_wrapper'>        <div class=\"post_media cws_staff_post_media posts_grid_post_media\">\n            <div class='cws_staff_photo'><a href='https:\/\/promoagro.com.gt\/fertilizantes-y-agroquimicos-latinoamerica\/staff\/ing-agr-saul-lopez\/' class='link_author'><img data-recalc-dims=\"1\" src=\"https:\/\/i0.wp.com\/promoagro.com.gt\/fertilizantes-y-agroquimicos-latinoamerica\/wp-content\/uploads\/2018\/12\/Empleado_00c800c81_6716.jpg?w=1170&#038;ssl=1\" data-at2x='https:\/\/promoagro.com.gt\/fertilizantes-y-agroquimicos-latinoamerica\/wp-content\/uploads\/2018\/12\/Empleado_00c800c81_6716@2x.jpg' alt \/><\/a><\/div>        <\/div>\n        <div class='cws_staff_post_info'><div class='post_data cws_staff_post_data posts_grid_post_data'><div class='prim_post_data cws_staff_prim_post_data posts_grid_prim_post_data'><h3 class='post_title cws_staff_post_title posts_grid_post_title'><a href='https:\/\/promoagro.com.gt\/fertilizantes-y-agroquimicos-latinoamerica\/staff\/ing-agr-saul-lopez\/'><span class='name'>Ing.<\/span> Agr. Saul Lopez<\/a><\/h3><div class='post_terms cws_staff_post_terms posts_grid_post_terms'><a href='https:\/\/promoagro.com.gt\/fertilizantes-y-agroquimicos-latinoamerica\/staff_cat\/ventas-ecassa\/'>VENTAS ECASSA DIVERSIFICACION<\/a><\/div><div class='post_terms cws_staff_post_terms posts_grid_post_terms'><a href='https:\/\/promoagro.com.gt\/fertilizantes-y-agroquimicos-latinoamerica\/staff_tag\/vendedor-zona-altiplano-1\/'>Vendedor Zona Altiplano 1<\/a><\/div><div class='biography'><span>Biography:<\/span><p>Ciudad Guatemala, Chimaltenango, Sacatep\u00e9quez, Solol\u00e1.<\/p><\/div><\/div><\/div><\/div><\/div><\/article><article id='cws_staff_post_6a056fbd3826f' data-pid='7748' class='item post direction_row cws_staff_post posts_grid_post image-default  align-center'><div class='post_wrapper cws_staff_post_wrapper posts_grid_post_wrapper'>        <div class=\"post_media cws_staff_post_media posts_grid_post_media\">\n            <div class='cws_staff_photo'><a href='https:\/\/promoagro.com.gt\/fertilizantes-y-agroquimicos-latinoamerica\/staff\/ing-agr-victor-carrillo\/' class='link_author'><img data-recalc-dims=\"1\" src=\"https:\/\/i0.wp.com\/promoagro.com.gt\/fertilizantes-y-agroquimicos-latinoamerica\/wp-content\/uploads\/2018\/12\/Empleado_00c800c81_6716.jpg?w=1170&#038;ssl=1\" data-at2x='https:\/\/promoagro.com.gt\/fertilizantes-y-agroquimicos-latinoamerica\/wp-content\/uploads\/2018\/12\/Empleado_00c800c81_6716@2x.jpg' alt \/><\/a><\/div>        <\/div>\n        <div class='cws_staff_post_info'><div class='post_data cws_staff_post_data posts_grid_post_data'><div class='prim_post_data cws_staff_prim_post_data posts_grid_prim_post_data'><h3 class='post_title cws_staff_post_title posts_grid_post_title'><a href='https:\/\/promoagro.com.gt\/fertilizantes-y-agroquimicos-latinoamerica\/staff\/ing-agr-victor-carrillo\/'><span class='name'>Ing.<\/span> Agr. Victor Carrillo<\/a><\/h3><div class='post_terms cws_staff_post_terms posts_grid_post_terms'><a href='https:\/\/promoagro.com.gt\/fertilizantes-y-agroquimicos-latinoamerica\/staff_cat\/ventas-ecassa\/'>VENTAS ECASSA DIVERSIFICACION<\/a><\/div><div class='post_terms cws_staff_post_terms posts_grid_post_terms'><a href='https:\/\/promoagro.com.gt\/fertilizantes-y-agroquimicos-latinoamerica\/staff_tag\/coordinador-de-ventas-ecassa\/'>Coordinador de ventas ECASSA<\/a><\/div><div class='biography'><span>Biography:<\/span><p>Coordinador de diversas zonas del pais de Guatemala<\/p><\/div><\/div><\/div><\/div><\/div><\/article><article id='cws_staff_post_6a056fbd3938e' data-pid='7749' class='item post direction_row cws_staff_post posts_grid_post image-default  align-center'><div class='post_wrapper cws_staff_post_wrapper posts_grid_post_wrapper'>        <div class=\"post_media cws_staff_post_media posts_grid_post_media\">\n            <div class='cws_staff_photo'><a href='https:\/\/promoagro.com.gt\/fertilizantes-y-agroquimicos-latinoamerica\/staff\/ing-agr-dorian-espana\/' class='link_author'><img data-recalc-dims=\"1\" src=\"https:\/\/i0.wp.com\/promoagro.com.gt\/fertilizantes-y-agroquimicos-latinoamerica\/wp-content\/uploads\/2018\/12\/Empleado_00c800c81_6716.jpg?w=1170&#038;ssl=1\" data-at2x='https:\/\/promoagro.com.gt\/fertilizantes-y-agroquimicos-latinoamerica\/wp-content\/uploads\/2018\/12\/Empleado_00c800c81_6716@2x.jpg' alt \/><\/a><\/div>        <\/div>\n        <div class='cws_staff_post_info'><div class='post_data cws_staff_post_data posts_grid_post_data'><div class='prim_post_data cws_staff_prim_post_data posts_grid_prim_post_data'><h3 class='post_title cws_staff_post_title posts_grid_post_title'><a href='https:\/\/promoagro.com.gt\/fertilizantes-y-agroquimicos-latinoamerica\/staff\/ing-agr-dorian-espana\/'><span class='name'>Ing.<\/span> Agr. Dorian Espa\u00f1a<\/a><\/h3><div class='post_terms cws_staff_post_terms posts_grid_post_terms'><a href='https:\/\/promoagro.com.gt\/fertilizantes-y-agroquimicos-latinoamerica\/staff_cat\/ventas-ecassa\/'>VENTAS ECASSA DIVERSIFICACION<\/a><\/div><div class='post_terms cws_staff_post_terms posts_grid_post_terms'><a href='https:\/\/promoagro.com.gt\/fertilizantes-y-agroquimicos-latinoamerica\/staff_tag\/vendedor-zona-norte\/'>Vendedor Zona Norte<\/a><\/div><div class='biography'><span>Biography:<\/span><p>El Progreso, Alta Verapaz, Baja Verapaz, Chiquimula, Zacapa.<\/p><\/div><\/div><\/div><\/div><\/div><\/article><\/div><\/div><\/section>[\/vc_column_inner][\/vc_row_inner][\/vc_column][\/vc_row]\n<\/div>","protected":false},"excerpt":{"rendered":"<p>[vc_row full_width=&#8221;stretch_row&#8221; bg_cws_repeat=&#8221;no-repeat&#8221; bg_cws_size=&#8221;cover&#8221; bg_image_position=&#8221;center_center&#8221; crop=&#8221;1&#8243; crop_style=&#8221;style_5&#8243; css=&#8221;.vc_custom_1662251017176{margin-top: -100px !important;padding-top: 100px !important;padding-bottom: 50px !important;}&#8221;][vc_column][vc_row_inner css=&#8221;.vc_custom_1662251034089{padding-top: 70px !important;}&#8221;][vc_column_inner][\/vc_column_inner][\/vc_row_inner][\/vc_column][\/vc_row]<\/p>\n","protected":false},"author":1,"featured_media":0,"parent":0,"menu_order":0,"comment_status":"closed","ping_status":"closed","template":"","meta":{"nf_dc_page":"","om_disable_all_campaigns":false,"_monsterinsights_skip_tracking":false,"_monsterinsights_sitenote_active":false,"_monsterinsights_sitenote_note":"","_monsterinsights_sitenote_category":0,"footnotes":""},"class_list":["post-4894","page","type-page","status-publish","hentry"],"aioseo_notices":[],"jetpack_sharing_enabled":true,"_links":{"self":[{"href":"https:\/\/promoagro.com.gt\/fertilizantes-y-agroquimicos-latinoamerica\/wp-json\/wp\/v2\/pages\/4894","targetHints":{"allow":["GET"]}}],"collection":[{"href":"https:\/\/promoagro.com.gt\/fertilizantes-y-agroquimicos-latinoamerica\/wp-json\/wp\/v2\/pages"}],"about":[{"href":"https:\/\/promoagro.com.gt\/fertilizantes-y-agroquimicos-latinoamerica\/wp-json\/wp\/v2\/types\/page"}],"author":[{"embeddable":true,"href":"https:\/\/promoagro.com.gt\/fertilizantes-y-agroquimicos-latinoamerica\/wp-json\/wp\/v2\/users\/1"}],"replies":[{"embeddable":true,"href":"https:\/\/promoagro.com.gt\/fertilizantes-y-agroquimicos-latinoamerica\/wp-json\/wp\/v2\/comments?post=4894"}],"version-history":[{"count":22,"href":"https:\/\/promoagro.com.gt\/fertilizantes-y-agroquimicos-latinoamerica\/wp-json\/wp\/v2\/pages\/4894\/revisions"}],"predecessor-version":[{"id":7752,"href":"https:\/\/promoagro.com.gt\/fertilizantes-y-agroquimicos-latinoamerica\/wp-json\/wp\/v2\/pages\/4894\/revisions\/7752"}],"wp:attachment":[{"href":"https:\/\/promoagro.com.gt\/fertilizantes-y-agroquimicos-latinoamerica\/wp-json\/wp\/v2\/media?parent=4894"}],"curies":[{"name":"wp","href":"https:\/\/api.w.org\/{rel}","templated":true}]}}